{"id":29,"date":"2021-09-07T19:17:49","date_gmt":"2021-09-07T19:17:49","guid":{"rendered":"https:\/\/sines.solar\/energia\/one-page-express\/"},"modified":"2022-05-13T10:50:38","modified_gmt":"2022-05-13T10:50:38","slug":"one-page-express","status":"publish","type":"page","link":"https:\/\/sines.solar\/energia\/","title":{"rendered":"Front Page"},"content":{"rendered":"<div  id=\"overlapable-2\" style=\"background-color: #ffffff;\" data-label=\"Overlapable\" data-id=\"stripped-coloured-icon-boxes\" data-category=\"overlapable\" class=\"features-coloured-icon-boxes-section\" data-overlap=\"true\">\n<div  class=\"gridContainer\">\n<div  class=\"features-coloured-icon-boxes-innerrow flexbox-list dark-text\" data-type=\"row\">\n<div  class=\"features-coloured-icon-boxes-featurecol cp3cols\">\n<div  class=\"features-coloured-icon-boxes-iconcontainer\" data-content-item-container=\"true\"> <i  data-cp-fa=\"true\" class=\"features-coloured-icon fa fa-bolt\"><\/i> <\/div>\n<h4  class=\"\">Energia Solar<\/h4>\n<p  class=\"\">Energia Solar&nbsp;<\/p>\n<p  class=\"\"> <a  class=\"features-coloured-button\" href=\"#\">LEARN MORE<\/a> <\/p>\n<\/div>\n<div  class=\"features-coloured-icon-boxes-featurecol cp3cols\">\n<div  class=\"features-coloured-icon-boxes-iconcontainer\" data-content-item-container=\"true\"> <i  data-cp-fa=\"true\" class=\"features-coloured-icon fa fa-cloud\"><\/i> <\/div>\n<h4  class=\"\">Autoconsumo<\/h4>\n<p  class=\"\">Autoconsumo<\/p>\n<p  class=\"\"> <a  class=\"features-coloured-button\" href=\"#\">LEARN MORE<\/a> <\/p>\n<\/div>\n<div  class=\"features-coloured-icon-boxes-featurecol cp3cols\">\n<div  class=\"features-coloured-icon-boxes-iconcontainer\" data-content-item-container=\"true\"> <i  data-cp-fa=\"true\" class=\"features-coloured-icon fa fa-signal\"><\/i> <\/div>\n<h4  class=\"\">Agua Quente<\/h4>\n<p  class=\"\">Agua quente<\/p>\n<p  class=\"\"> <a  class=\"features-coloured-button\" href=\"#\">LEARN MORE<\/a> <\/p>\n<\/div>\n<div  class=\"features-coloured-icon-boxes-featurecol cp3cols\">\n<div  class=\"features-coloured-icon-boxes-iconcontainer\" data-content-item-container=\"true\"> <i  data-cp-fa=\"true\" class=\"features-coloured-icon fa fa-pie-chart\"><\/i> <\/div>\n<h4  class=\"\">Servi\u00e7ios de grua<\/h4>\n<p  class=\"\">Servi\u00e7ios de grua<\/p>\n<p  class=\"\"> <a  class=\"features-coloured-button\" href=\"#\">LEARN MORE<\/a> <\/p>\n<\/div>\n<p >\n<\/p><\/div>\n<p >\n<\/p><\/div>\n<\/div><div  id=\"testimonials-1\" style=\"background-color: #f6f6f6;\" data-label=\"Testimonials\" data-id=\"testimonials-boxed-section\" data-category=\"testimonials\" class=\"testimonials-boxed-section\">\n<div  class=\"gridContainer\">\n<div  class=\"testimonials-boxed-textcol dynamic-color\" data-type=\"column\">\n<h2  class=\"\">O que dizem os nossos clientes<\/h2>\n<p  class=\"\">\n<\/p><\/div>\n<div  class=\"testimonials-boxed-itemsrow dark-text\" data-type=\"row\">\n<div  class=\"testimonials-boxed-itemcol cp4cols cp6cols-tablet\">\n<div  class=\"testimonials-boxed-itemcard\" data-type=\"column\">\n<h4  class=\"testimonials-boxed-itemtext\">\u201cSempre dispon\u00edvel para manuten\u00e7\u00e3o\u201d<\/h4>\n<p  class=\"\"><img decoding=\"async\"  class=\"testimonials-boxed-itemimg\" data-size=\"500x500\" src=\"https:\/\/sines.solar\/energia\/wp-content\/plugins\/one-page-express-companion\/theme-data\/one-page-express\/sections\/images\/face4.jpg\"> <\/p>\n<h5  class=\"testimonials-boxed-itemname\">Maria D. \u2013 Porto Covo<\/h5>\n<p  class=\"\">\n<\/p><\/div>\n<p >\n<\/p><\/div>\n<div  class=\"testimonials-boxed-itemcol cp4cols cp6cols-tablet\">\n<div  class=\"testimonials-boxed-itemcard\" data-type=\"column\">\n<h4  class=\"testimonials-boxed-itemtext\">\u201cBom pre\u00e7o e boa qualidade\u201d<\/h4>\n<p  class=\"\"><img decoding=\"async\"  class=\"testimonials-boxed-itemimg\" data-size=\"500x500\" src=\"https:\/\/sines.solar\/energia\/wp-content\/plugins\/one-page-express-companion\/theme-data\/one-page-express\/sections\/images\/face9.jpg\"> <\/p>\n<h5  class=\"testimonials-boxed-itemname\">Jo\u00e3o L. \u2013 Vila Nova de Milfontes<\/h5>\n<p  class=\"\">\n<\/p><\/div>\n<p >\n<\/p><\/div>\n<div  class=\"testimonials-boxed-itemcol cp4cols cp6cols-tablet\">\n<div  class=\"testimonials-boxed-itemcard\" data-type=\"column\">\n<h4  class=\"testimonials-boxed-itemtext\">\u201cFi\u00e1vel e orientado para a solu\u00e7\u00e3o\u201d<\/h4>\n<p  class=\"\"><img decoding=\"async\"  class=\"testimonials-boxed-itemimg\" data-size=\"500x500\" src=\"https:\/\/sines.solar\/energia\/wp-content\/plugins\/one-page-express-companion\/theme-data\/one-page-express\/sections\/images\/face7.jpg\"> <\/p>\n<h5  class=\"testimonials-boxed-itemname\">Ant\u00f3nio S. \u2013 Sines<\/h5>\n<p  class=\"\">\n<\/p><\/div>\n<p >\n<\/p><\/div>\n<p >\n<\/p><\/div>\n<p >\n<\/p><\/div>\n<\/div><div  id=\"cta-1\" data-label=\"Call to action\" data-id=\"cta-blue-section\" data-category=\"cta\" class=\"cta-blue-section\">\n<div  class=\"gridContainer\">\n<div  class=\"flexbox-list flexbox-list-align-center row\">\n<div  class=\"cta-blue-textcol dynamic-color\">\n<h2  class=\"cta-blue-text\"><b >Contactar 968 682 894<\/b><\/h2>\n<p >\n<\/p><\/div>\n<div  class=\"cta-blue-btncol\"> <a class=\"button big yellow dark-text\" href=\"#\" target=\"_self\" rel=\"noopener\"> sines.solar <\/a> <\/div>\n<p >\n<\/p><\/div>\n<p >\n<\/p><\/div>\n<p >\n<\/p><\/div>","protected":false},"excerpt":{"rendered":"<p>Energia Solar Energia Solar&nbsp; LEARN MORE Autoconsumo Autoconsumo LEARN MORE Agua Quente Agua quente LEARN MORE Servi\u00e7ios de grua Servi\u00e7ios de grua LEARN MORE O que dizem os nossos clientes \u201cSempre dispon\u00edvel para manuten\u00e7\u00e3o\u201d Maria D. \u2013 Porto Covo \u201cBom pre\u00e7o e boa qualidade\u201d Jo\u00e3o L. \u2013 Vila Nova de Milfontes \u201cFi\u00e1vel e orientado para&hellip; <br \/> <a class=\"button small blue\" href=\"https:\/\/sines.solar\/energia\/2021\/08\/18\/hello-world\/\">Read more<\/a><\/p>\n","protected":false},"author":1,"featured_media":0,"parent":0,"menu_order":0,"comment_status":"closed","ping_status":"closed","template":"","meta":{"footnotes":""},"class_list":["post-29","page","type-page","status-publish","hentry"],"_links":{"self":[{"href":"https:\/\/sines.solar\/energia\/wp-json\/wp\/v2\/pages\/29","targetHints":{"allow":["GET"]}}],"collection":[{"href":"https:\/\/sines.solar\/energia\/wp-json\/wp\/v2\/pages"}],"about":[{"href":"https:\/\/sines.solar\/energia\/wp-json\/wp\/v2\/types\/page"}],"author":[{"embeddable":true,"href":"https:\/\/sines.solar\/energia\/wp-json\/wp\/v2\/users\/1"}],"replies":[{"embeddable":true,"href":"https:\/\/sines.solar\/energia\/wp-json\/wp\/v2\/comments?post=29"}],"version-history":[{"count":13,"href":"https:\/\/sines.solar\/energia\/wp-json\/wp\/v2\/pages\/29\/revisions"}],"predecessor-version":[{"id":68,"href":"https:\/\/sines.solar\/energia\/wp-json\/wp\/v2\/pages\/29\/revisions\/68"}],"wp:attachment":[{"href":"https:\/\/sines.solar\/energia\/wp-json\/wp\/v2\/media?parent=29"}],"curies":[{"name":"wp","href":"https:\/\/api.w.org\/{rel}","templated":true}]}}